{"id":93,"date":"2014-11-17T07:39:26","date_gmt":"2014-11-17T06:39:26","guid":{"rendered":"http:\/\/dvff.73s.fr\/?page_id=93"},"modified":"2017-12-13T19:20:15","modified_gmt":"2017-12-13T18:20:15","slug":"photos","status":"publish","type":"page","link":"https:\/\/dvff.73s.fr\/?page_id=93","title":{"rendered":"photos"},"content":{"rendered":"<p><a href=\"http:\/\/dvff.73s.fr\/wp-content\/uploads\/2014\/11\/20171212_081700.jpg\"><img decoding=\"async\" loading=\"lazy\" class=\"alignnone size-medium wp-image-398\" src=\"http:\/\/dvff.73s.fr\/wp-content\/uploads\/2014\/11\/20171212_081700-300x225.jpg\" alt=\"20171212_081700\" width=\"300\" height=\"225\" srcset=\"https:\/\/dvff.73s.fr\/wp-content\/uploads\/2014\/11\/20171212_081700-300x225.jpg 300w, https:\/\/dvff.73s.fr\/wp-content\/uploads\/2014\/11\/20171212_081700-768x576.jpg 768w, https:\/\/dvff.73s.fr\/wp-content\/uploads\/2014\/11\/20171212_081700-1024x768.jpg 1024w, https:\/\/dvff.73s.fr\/wp-content\/uploads\/2014\/11\/20171212_081700-624x468.jpg 624w\" sizes=\"(max-width: 300px) 100vw, 300px\" \/><\/a><\/p>\n<p>Trompe de TGV<\/p>\n<p>&nbsp;<\/p>\n<p><a href=\"http:\/\/dvff.73s.fr\/wp-content\/uploads\/2014\/11\/20171211_193052.jpg\"><img decoding=\"async\" loading=\"lazy\" class=\"alignnone size-medium wp-image-392\" src=\"http:\/\/dvff.73s.fr\/wp-content\/uploads\/2014\/11\/20171211_193052-300x225.jpg\" alt=\"20171211_193052\" width=\"300\" height=\"225\" srcset=\"https:\/\/dvff.73s.fr\/wp-content\/uploads\/2014\/11\/20171211_193052-300x225.jpg 300w, https:\/\/dvff.73s.fr\/wp-content\/uploads\/2014\/11\/20171211_193052-768x576.jpg 768w, https:\/\/dvff.73s.fr\/wp-content\/uploads\/2014\/11\/20171211_193052-1024x768.jpg 1024w, https:\/\/dvff.73s.fr\/wp-content\/uploads\/2014\/11\/20171211_193052-624x468.jpg 624w\" sizes=\"(max-width: 300px) 100vw, 300px\" \/><\/a><\/p>\n<p>Centrale t\u00e9l\u00e9phonique gare de Sancerre<\/p>\n<p>Je l&rsquo;ai r\u00e9cup\u00e9r\u00e9e, sinon elle partait \u00e0 la poubelle.<\/p>\n<p>&nbsp;<\/p>\n<p>&nbsp;<\/p>\n<p><a href=\"http:\/\/dvff.73s.fr\/wp-content\/uploads\/2014\/11\/2016-03-15-11.42.00.jpg\"><img decoding=\"async\" loading=\"lazy\" class=\"alignnone size-medium wp-image-275\" src=\"http:\/\/dvff.73s.fr\/wp-content\/uploads\/2014\/11\/2016-03-15-11.42.00-300x225.jpg\" alt=\"2016-03-15 11.42.00\" width=\"300\" height=\"225\" srcset=\"https:\/\/dvff.73s.fr\/wp-content\/uploads\/2014\/11\/2016-03-15-11.42.00-300x225.jpg 300w, https:\/\/dvff.73s.fr\/wp-content\/uploads\/2014\/11\/2016-03-15-11.42.00-624x468.jpg 624w, https:\/\/dvff.73s.fr\/wp-content\/uploads\/2014\/11\/2016-03-15-11.42.00.jpg 692w\" sizes=\"(max-width: 300px) 100vw, 300px\" \/><\/a><a href=\"http:\/\/dvff.73s.fr\/wp-content\/uploads\/2014\/11\/2016-03-14-13.42.43.jpg\"><img decoding=\"async\" loading=\"lazy\" class=\"alignnone size-medium wp-image-271\" src=\"http:\/\/dvff.73s.fr\/wp-content\/uploads\/2014\/11\/2016-03-14-13.42.43-300x226.jpg\" alt=\"2016-03-14 13.42.43\" width=\"300\" height=\"226\" srcset=\"https:\/\/dvff.73s.fr\/wp-content\/uploads\/2014\/11\/2016-03-14-13.42.43-300x226.jpg 300w, https:\/\/dvff.73s.fr\/wp-content\/uploads\/2014\/11\/2016-03-14-13.42.43.jpg 415w\" sizes=\"(max-width: 300px) 100vw, 300px\" \/><\/a><a href=\"http:\/\/dvff.73s.fr\/wp-content\/uploads\/2014\/11\/Troph\u00e9es-2015-002-2.jpg\"><img decoding=\"async\" loading=\"lazy\" class=\"alignnone size-medium wp-image-267\" src=\"http:\/\/dvff.73s.fr\/wp-content\/uploads\/2014\/11\/Troph\u00e9es-2015-002-2-200x300.jpg\" alt=\"Troph\u00e9es 2015 002 (2)\" width=\"200\" height=\"300\" srcset=\"https:\/\/dvff.73s.fr\/wp-content\/uploads\/2014\/11\/Troph\u00e9es-2015-002-2-200x300.jpg 200w, https:\/\/dvff.73s.fr\/wp-content\/uploads\/2014\/11\/Troph\u00e9es-2015-002-2-682x1024.jpg 682w, https:\/\/dvff.73s.fr\/wp-content\/uploads\/2014\/11\/Troph\u00e9es-2015-002-2-624x937.jpg 624w\" sizes=\"(max-width: 200px) 100vw, 200px\" \/><\/a><a href=\"http:\/\/dvff.73s.fr\/wp-content\/uploads\/2014\/11\/DVFF-GC-89003-Gare-de-Toucy1.jpg\"><img decoding=\"async\" loading=\"lazy\" class=\"alignnone size-medium wp-image-205\" src=\"http:\/\/dvff.73s.fr\/wp-content\/uploads\/2014\/11\/DVFF-GC-89003-Gare-de-Toucy1-300x225.jpg\" alt=\"DVFF GC 89003 Gare de Toucy(1)\" width=\"300\" height=\"225\" srcset=\"https:\/\/dvff.73s.fr\/wp-content\/uploads\/2014\/11\/DVFF-GC-89003-Gare-de-Toucy1-300x225.jpg 300w, https:\/\/dvff.73s.fr\/wp-content\/uploads\/2014\/11\/DVFF-GC-89003-Gare-de-Toucy1-624x469.jpg 624w, https:\/\/dvff.73s.fr\/wp-content\/uploads\/2014\/11\/DVFF-GC-89003-Gare-de-Toucy1.jpg 936w\" sizes=\"(max-width: 300px) 100vw, 300px\" \/><\/a><a href=\"http:\/\/dvff.73s.fr\/wp-content\/uploads\/2014\/11\/1386_rot.jpg\"><img decoding=\"async\" loading=\"lazy\" class=\"alignnone size-medium wp-image-156\" src=\"http:\/\/dvff.73s.fr\/wp-content\/uploads\/2014\/11\/1386_rot-300x150.jpg\" alt=\"1386_rot\" width=\"300\" height=\"150\" srcset=\"https:\/\/dvff.73s.fr\/wp-content\/uploads\/2014\/11\/1386_rot-300x150.jpg 300w, https:\/\/dvff.73s.fr\/wp-content\/uploads\/2014\/11\/1386_rot-624x312.jpg 624w, https:\/\/dvff.73s.fr\/wp-content\/uploads\/2014\/11\/1386_rot.jpg 980w\" sizes=\"(max-width: 300px) 100vw, 300px\" \/><\/a><a href=\"http:\/\/dvff.73s.fr\/wp-content\/uploads\/2014\/11\/20150214_170244.png\"><img decoding=\"async\" loading=\"lazy\" class=\"alignnone size-medium wp-image-157\" src=\"http:\/\/dvff.73s.fr\/wp-content\/uploads\/2014\/11\/20150214_170244-300x225.png\" alt=\"20150214_170244\" width=\"300\" height=\"225\" srcset=\"https:\/\/dvff.73s.fr\/wp-content\/uploads\/2014\/11\/20150214_170244-300x225.png 300w, https:\/\/dvff.73s.fr\/wp-content\/uploads\/2014\/11\/20150214_170244-1024x768.png 1024w, https:\/\/dvff.73s.fr\/wp-content\/uploads\/2014\/11\/20150214_170244-624x468.png 624w\" sizes=\"(max-width: 300px) 100vw, 300px\" \/><\/a><a href=\"http:\/\/dvff.73s.fr\/wp-content\/uploads\/2014\/11\/51-ateliers-Veaugues.png\"><img decoding=\"async\" loading=\"lazy\" class=\"alignnone size-medium wp-image-133\" src=\"http:\/\/dvff.73s.fr\/wp-content\/uploads\/2014\/11\/51-ateliers-Veaugues-300x190.png\" alt=\"51 ateliers Veaugues\" width=\"300\" height=\"190\" srcset=\"https:\/\/dvff.73s.fr\/wp-content\/uploads\/2014\/11\/51-ateliers-Veaugues-300x190.png 300w, https:\/\/dvff.73s.fr\/wp-content\/uploads\/2014\/11\/51-ateliers-Veaugues-1024x649.png 1024w, https:\/\/dvff.73s.fr\/wp-content\/uploads\/2014\/11\/51-ateliers-Veaugues-624x395.png 624w, https:\/\/dvff.73s.fr\/wp-content\/uploads\/2014\/11\/51-ateliers-Veaugues.png 1608w\" sizes=\"(max-width: 300px) 100vw, 300px\" \/><\/a><a href=\"http:\/\/dvff.73s.fr\/wp-content\/uploads\/2014\/11\/gare-ext-1907.jpg\"><img decoding=\"async\" loading=\"lazy\" class=\"alignnone size-medium wp-image-101\" src=\"http:\/\/dvff.73s.fr\/wp-content\/uploads\/2014\/11\/gare-ext-1907-300x199.jpg\" alt=\"gare ext 1907\" width=\"300\" height=\"199\" srcset=\"https:\/\/dvff.73s.fr\/wp-content\/uploads\/2014\/11\/gare-ext-1907-300x199.jpg 300w, https:\/\/dvff.73s.fr\/wp-content\/uploads\/2014\/11\/gare-ext-1907-1024x680.jpg 1024w, https:\/\/dvff.73s.fr\/wp-content\/uploads\/2014\/11\/gare-ext-1907-624x414.jpg 624w, https:\/\/dvff.73s.fr\/wp-content\/uploads\/2014\/11\/gare-ext-1907.jpg 1584w\" sizes=\"(max-width: 300px) 100vw, 300px\" \/><\/a><\/p>\n<p>gare de Veaugues\u00a0 1907<\/p>\n","protected":false},"excerpt":{"rendered":"<p>Trompe de TGV &nbsp; Centrale t\u00e9l\u00e9phonique gare de Sancerre Je l&rsquo;ai r\u00e9cup\u00e9r\u00e9e, sinon elle partait \u00e0 la poubelle. &nbsp; &nbsp; gare de Veaugues\u00a0 1907<\/p>\n","protected":false},"author":2,"featured_media":0,"parent":0,"menu_order":0,"comment_status":"closed","ping_status":"open","template":"","meta":[],"_links":{"self":[{"href":"https:\/\/dvff.73s.fr\/index.php?rest_route=\/wp\/v2\/pages\/93"}],"collection":[{"href":"https:\/\/dvff.73s.fr\/index.php?rest_route=\/wp\/v2\/pages"}],"about":[{"href":"https:\/\/dvff.73s.fr\/index.php?rest_route=\/wp\/v2\/types\/page"}],"author":[{"embeddable":true,"href":"https:\/\/dvff.73s.fr\/index.php?rest_route=\/wp\/v2\/users\/2"}],"replies":[{"embeddable":true,"href":"https:\/\/dvff.73s.fr\/index.php?rest_route=%2Fwp%2Fv2%2Fcomments&post=93"}],"version-history":[{"count":19,"href":"https:\/\/dvff.73s.fr\/index.php?rest_route=\/wp\/v2\/pages\/93\/revisions"}],"predecessor-version":[{"id":102,"href":"https:\/\/dvff.73s.fr\/index.php?rest_route=\/wp\/v2\/pages\/93\/revisions\/102"}],"wp:attachment":[{"href":"https:\/\/dvff.73s.fr\/index.php?rest_route=%2Fwp%2Fv2%2Fmedia&parent=93"}],"curies":[{"name":"wp","href":"https:\/\/api.w.org\/{rel}","templated":true}]}}